{"id":2,"date":"2007-05-08T16:16:54","date_gmt":"2007-05-08T14:16:54","guid":{"rendered":""},"modified":"2016-05-02T16:29:18","modified_gmt":"2016-05-02T14:29:18","slug":"about","status":"publish","type":"page","link":"https:\/\/blog.starocotes.de\/index.php\/about\/","title":{"rendered":"\u00dcber"},"content":{"rendered":"<p>Dies ist das Blog von Stefan Immel, einem typsich &#8222;amerikanischen&#8220; Deutschen der lieber Baseball als Fussball schaut, Cola statt Bier trinkt und Comic lesen dem Autowaschen vorzieht. Ich interessiere mich f\u00fcr Fantasy und Sci-Fi Literatur und, nicht nur bedingt durch meine Arbeit, f\u00fcr alles was mit IT zu tun hat. Nun bin ich auch noch vom Apple Hasser zu jemandem mutiert der sein iPad hei\u00df und innig liebt. Wie man sehen kann stecke ich voller Missverst\u00e4ndnisse, aber ich denke mal das die meisten die das hier lesen mich sowieso schon kennen.<\/p>\n<p>Mein Leben besteht neben den oben erw\u00e4hnten (und zum Teil recht trivialen Dingen) noch aus wirklich wichtigem:<\/p>\n<ul>\n<li>Meiner Frau Alex(andra)\n<li>Unseren Kindern Johanna und Timon\n<li>Unseren Katzen Enya, Serafina Feline (Feli), Olivia (Liv) und Grayson.\n<li>Meiner Arbeit als IT Leiter bei der Str\u00f6her GmbH in Dillenburg (<a href=\"http:\/\/www.stroeher.de\" target=\"_blank\">www.stroeher.de<\/a>)\n<\/ul>\n<p>Diese Seite nutzt unter anderem folgende Plugins:<br \/>\n[wp-pic slug=&#8220;hearthstone-cards&#8220;]<br \/>\n[wp-pic slug=&#8220;wp-plugin-info-card&#8220;]<\/p>\n<h2>Rechtliches<\/h2>\n<p>Ich weise besonders darauf hin, dass \u00e2\u20ac\u02dcMagic the Gathering\u00e2\u20ac\u02dc ein eingetragenes Warenzeichen der Firma Wizards of the Coast ist und die Rechte f\u00fcr Namen, Tapsymbole, Manasymbole und Editionssymbole bei Wizards of the Coast liegen und die Rechte an Bildern bei dem jeweiligen K\u00fcnstler oder Wizads of the Coast liegen.<\/p>\n","protected":false},"excerpt":{"rendered":"<p>Dies ist das Blog von Stefan Immel, einem typsich &#8222;amerikanischen&#8220; Deutschen der lieber Baseball als Fussball schaut, Cola statt Bier trinkt und Comic lesen dem Autowaschen vorzieht. Ich interessiere mich f\u00fcr Fantasy und Sci-Fi Literatur und, nicht nur bedingt durch meine Arbeit, f\u00fcr alles was mit IT zu tun hat. Nun bin ich auch noch <a class=\"more-link\" href=\"https:\/\/blog.starocotes.de\/index.php\/about\/\">weiterlesen&#8230;<\/a><\/p>\n","protected":false},"author":1,"featured_media":0,"parent":0,"menu_order":0,"comment_status":"open","ping_status":"open","template":"","meta":{"footnotes":""},"class_list":["post-2","page","type-page","status-publish","hentry"],"_links":{"self":[{"href":"https:\/\/blog.starocotes.de\/index.php\/wp-json\/wp\/v2\/pages\/2","targetHints":{"allow":["GET"]}}],"collection":[{"href":"https:\/\/blog.starocotes.de\/index.php\/wp-json\/wp\/v2\/pages"}],"about":[{"href":"https:\/\/blog.starocotes.de\/index.php\/wp-json\/wp\/v2\/types\/page"}],"author":[{"embeddable":true,"href":"https:\/\/blog.starocotes.de\/index.php\/wp-json\/wp\/v2\/users\/1"}],"replies":[{"embeddable":true,"href":"https:\/\/blog.starocotes.de\/index.php\/wp-json\/wp\/v2\/comments?post=2"}],"version-history":[{"count":11,"href":"https:\/\/blog.starocotes.de\/index.php\/wp-json\/wp\/v2\/pages\/2\/revisions"}],"predecessor-version":[{"id":6672,"href":"https:\/\/blog.starocotes.de\/index.php\/wp-json\/wp\/v2\/pages\/2\/revisions\/6672"}],"wp:attachment":[{"href":"https:\/\/blog.starocotes.de\/index.php\/wp-json\/wp\/v2\/media?parent=2"}],"curies":[{"name":"wp","href":"https:\/\/api.w.org\/{rel}","templated":true}]}}