{"id":5011,"date":"2012-11-02T20:50:30","date_gmt":"2012-11-02T19:50:30","guid":{"rendered":"http:\/\/blog.starocotes.de\/?page_id=5011"},"modified":"2012-11-06T12:49:59","modified_gmt":"2012-11-06T11:49:59","slug":"ima","status":"publish","type":"page","link":"https:\/\/blog.starocotes.de\/index.php\/ima\/","title":{"rendered":"Iron Man R\u00fcstungen"},"content":{"rendered":"<p>Seit Tony Stark 1959 in Tales of Suspense zum Ersten Mal eine R\u00fcstung baute um sein angeschlagenes Herz zu sch\u00fctzen hat er sowohl in den Comics als auch in den Filmen eine Vielzahl an unterschiedlichen R\u00fcstungen gebaut und eingesetzt. Ich werde versuchen die wichtigsten hier aufzulisten und zu beschreiben. Unterteilt ist das ganze in Comics, Film und Sonstiges, wobei die letzte Kategorie wohl auch als letztes gef\u00fcllt wird. <\/p>\n<ul>\n<li><a href=\"http:\/\/blog.starocotes.de\/index.php\/ima\/comic\/\" title=\"Iron Man R\u00fcstungen \/ Comic\">Comic R\u00fcstungen<\/a><\/li>\n<li><a href=\"http:\/\/blog.starocotes.de\/index.php\/ima\/film\/\" title=\"Iron Man R\u00fcstungen \/ Film\">Film R\u00fcstungen<\/a><\/li>\n<\/ul>\n","protected":false},"excerpt":{"rendered":"<p>Seit Tony Stark 1959 in Tales of Suspense zum Ersten Mal eine R\u00fcstung baute um sein angeschlagenes Herz zu sch\u00fctzen hat er sowohl in den Comics als auch in den Filmen eine Vielzahl an unterschiedlichen R\u00fcstungen gebaut und eingesetzt. Ich werde versuchen die wichtigsten hier aufzulisten und zu beschreiben. Unterteilt ist das ganze in Comics, <a class=\"more-link\" href=\"https:\/\/blog.starocotes.de\/index.php\/ima\/\">weiterlesen&#8230;<\/a><\/p>\n","protected":false},"author":1,"featured_media":0,"parent":0,"menu_order":0,"comment_status":"open","ping_status":"open","template":"","meta":{"footnotes":""},"class_list":["post-5011","page","type-page","status-publish","hentry"],"_links":{"self":[{"href":"https:\/\/blog.starocotes.de\/index.php\/wp-json\/wp\/v2\/pages\/5011","targetHints":{"allow":["GET"]}}],"collection":[{"href":"https:\/\/blog.starocotes.de\/index.php\/wp-json\/wp\/v2\/pages"}],"about":[{"href":"https:\/\/blog.starocotes.de\/index.php\/wp-json\/wp\/v2\/types\/page"}],"author":[{"embeddable":true,"href":"https:\/\/blog.starocotes.de\/index.php\/wp-json\/wp\/v2\/users\/1"}],"replies":[{"embeddable":true,"href":"https:\/\/blog.starocotes.de\/index.php\/wp-json\/wp\/v2\/comments?post=5011"}],"version-history":[{"count":10,"href":"https:\/\/blog.starocotes.de\/index.php\/wp-json\/wp\/v2\/pages\/5011\/revisions"}],"predecessor-version":[{"id":5092,"href":"https:\/\/blog.starocotes.de\/index.php\/wp-json\/wp\/v2\/pages\/5011\/revisions\/5092"}],"wp:attachment":[{"href":"https:\/\/blog.starocotes.de\/index.php\/wp-json\/wp\/v2\/media?parent=5011"}],"curies":[{"name":"wp","href":"https:\/\/api.w.org\/{rel}","templated":true}]}}