{"id":5015,"date":"2012-11-04T12:40:52","date_gmt":"2012-11-04T11:40:52","guid":{"rendered":"http:\/\/blog.starocotes.de\/?page_id=5015"},"modified":"2012-11-08T20:36:24","modified_gmt":"2012-11-08T19:36:24","slug":"bleeding-edge","status":"publish","type":"page","link":"https:\/\/blog.starocotes.de\/index.php\/ima\/comic\/bleeding-edge\/","title":{"rendered":"Iron Man R\u00fcstungen \/ Comic \/ Bleeding Edge"},"content":{"rendered":"<p><a href=\"http:\/\/blog.starocotes.de\/wp-content\/uploads\/2012\/11\/BleedingEdge003.jpg\"><img loading=\"lazy\" decoding=\"async\" src=\"http:\/\/blog.starocotes.de\/wp-content\/uploads\/2012\/11\/BleedingEdge003-159x300.jpg\" alt=\"\" title=\"BleedingEdge003\" width=\"159\" height=\"300\" class=\"alignright size-medium wp-image-5018\" srcset=\"https:\/\/blog.starocotes.de\/wp-content\/uploads\/2012\/11\/BleedingEdge003-159x300.jpg 159w, https:\/\/blog.starocotes.de\/wp-content\/uploads\/2012\/11\/BleedingEdge003-266x500.jpg 266w, https:\/\/blog.starocotes.de\/wp-content\/uploads\/2012\/11\/BleedingEdge003.jpg 413w\" sizes=\"auto, (max-width: 159px) 100vw, 159px\" \/><\/a>W\u00e4rend der &#8222;Secret Invasion&#8220; der Skrulls wurde nicht nur s\u00e4mtliche von Stark Industry gebaute Technologie mit einem Virus infiziert, auch Tony Stark selbst, der durch Extremis zum Teil zu einem Computer geworden war wurde davon betroffen. Hinzu kam das Norman Osborn nun der Chef der S.H.I.E.L.D. Nachfolgeorganisation H.A.M.M.E.R. war und unbedingt die Datenbank mit den registrieten Helden einsehen wollte. Das zwang Tony dazu nicht nur alle seine alten R\u00fcstungen zu vernichten um sie aus den H\u00e4nden von Osborn zu halten (was misslang) sondern auch die Datenbank in sich selbst zu \u00fcbertragen und dann dort komplett zu l\u00f6schen (inkl. seinem eigenen Geist). Nachdem Stark dann mit einem neuen Repulsor Reaktor versehen wurde spielte man eine Sicherung seines Geistes von vor der Extremis Prozedur ein, was ihm ganz neue M\u00f6glichkeiten er\u00f6ffnete. <\/p>\n<p><a href=\"http:\/\/blog.starocotes.de\/wp-content\/uploads\/2012\/11\/BleedingEdge001.jpg\"><img loading=\"lazy\" decoding=\"async\" src=\"http:\/\/blog.starocotes.de\/wp-content\/uploads\/2012\/11\/BleedingEdge001-1024x400.jpg\" alt=\"\" title=\"BleedingEdge001\" width=\"584\" height=\"228\" class=\"alignnone size-large wp-image-5016\" srcset=\"https:\/\/blog.starocotes.de\/wp-content\/uploads\/2012\/11\/BleedingEdge001-1024x400.jpg 1024w, https:\/\/blog.starocotes.de\/wp-content\/uploads\/2012\/11\/BleedingEdge001-300x117.jpg 300w, https:\/\/blog.starocotes.de\/wp-content\/uploads\/2012\/11\/BleedingEdge001-500x195.jpg 500w, https:\/\/blog.starocotes.de\/wp-content\/uploads\/2012\/11\/BleedingEdge001.jpg 1120w\" sizes=\"auto, (max-width: 584px) 100vw, 584px\" \/><\/a><br \/>\nZusammen mit Reed Richards war dann die &#8222;Bleeding Edge&#8220; R\u00fcstung geboren. Eine Masse Nanomaschinen aus einer Platin- \/ Eisenlegierung wurde in seinem K\u00f6rper gespeichert und er kann das ganze durch Willenskraft steuern. Zum Einen erm\u00f6glichst dies ihm die R\u00fcstung in Sekundenbruchteilen anzulegen, falls es die Situation erfordert zum Anderen ist diese R\u00fcstung extrem flexibel.<\/p>\n<p><a href=\"http:\/\/blog.starocotes.de\/wp-content\/uploads\/2012\/11\/BleedingEdge0021.jpg\"><img loading=\"lazy\" decoding=\"async\" src=\"http:\/\/blog.starocotes.de\/wp-content\/uploads\/2012\/11\/BleedingEdge0021-300x155.jpg\" alt=\"\" title=\"BleedingEdge002\" width=\"300\" height=\"155\" class=\"alignleft size-medium wp-image-5023\" srcset=\"https:\/\/blog.starocotes.de\/wp-content\/uploads\/2012\/11\/BleedingEdge0021-300x155.jpg 300w, https:\/\/blog.starocotes.de\/wp-content\/uploads\/2012\/11\/BleedingEdge0021-500x258.jpg 500w, https:\/\/blog.starocotes.de\/wp-content\/uploads\/2012\/11\/BleedingEdge0021.jpg 640w\" sizes=\"auto, (max-width: 300px) 100vw, 300px\" \/><\/a>Er kann innerhalb der vorgegebenen Masse die Nanomaschinen beliebig anordnen und unterschiedliche Funktionen ausf\u00fchren lassen. So nutzt Tony in dieser R\u00fcstung extrem unterschiedliche Waffen oder benutzt schonmal Repulsor Nodes an seinen Fingerkn\u00f6cheln um damit zu sehen. Die R\u00fcstung ist wohl das fortschrittlichste St\u00fcck Technik das Tony je geschaffen hat. Es basiert auf einer Idee die ihm kam als er Iron Lad zum ersten Mal begegnete. Die junge Version des zeitreisenden Schurken Kang trug ebenfalls einen Anzug der sich durch Gedanken steuern lies. Diese R\u00fcstung hat zudem Tony Stark ein St\u00fcck weiter weg vom &#8222;normalen Mann in einer R\u00fcstung&#8220; zu einem Helden mit eigener Superkraft bewegt.<\/p>\n<p>In <a href=\"http:\/\/blog.starocotes.de\/index.php\/2012\/05\/20\/avx-vs-1\/\">AvX #1<\/a> wurde zudem erw\u00e4hnt, dass Tony den Metallanteil durch Nano-r\u00f6hren aus Kohlenstoff ersetzen kann. Dies wird sp\u00e4ter erneut aufgegriffen als Iron Man mit Carol &#8222;Captain Marvel&#8220; Danvers aus der Suche nach Magneto ist. Dies l\u00e4sst sich zwar nicht mit der aktuellen Geschichte in Iron Man vereinbaren, aber Continuit\u00e4t wird sowieso \u00fcberbewertet.<\/p>\n<p>Das erste Auftreten dieser R\u00fcstung fand im US Heft <a href=\"http:\/\/www.comixology.com\/Invincible-Iron-Man-25\/digital-comic\/FEB100519\" target=\"_blank\">Invincible Iron Man #25<\/a> welches auf Deutsch bei Panini als <a href=\"http:\/\/www.paninicomics.de\/iron-man-7-i7110.html\" target=\"_blank\">Iron Man #7<\/a> erschienen ist.<\/p>\n<p>Vorangegangene R\u00fcstung: <a href=\"http:\/\/blog.starocotes.de\/index.php\/ima\/comic\/extremis\/\" title=\"Iron Man R\u00fcstungen \/ Comic \/ Extremis\">Extremis<\/a><\/p>\n","protected":false},"excerpt":{"rendered":"<p>W\u00e4rend der &#8222;Secret Invasion&#8220; der Skrulls wurde nicht nur s\u00e4mtliche von Stark Industry gebaute Technologie mit einem Virus infiziert, auch Tony Stark selbst, der durch Extremis zum Teil zu einem Computer geworden war wurde davon betroffen. Hinzu kam das Norman Osborn nun der Chef der S.H.I.E.L.D. Nachfolgeorganisation H.A.M.M.E.R. war und unbedingt die Datenbank mit den <a class=\"more-link\" href=\"https:\/\/blog.starocotes.de\/index.php\/ima\/comic\/bleeding-edge\/\">weiterlesen&#8230;<\/a><\/p>\n","protected":false},"author":1,"featured_media":0,"parent":5029,"menu_order":0,"comment_status":"open","ping_status":"open","template":"","meta":{"footnotes":""},"class_list":["post-5015","page","type-page","status-publish","hentry"],"_links":{"self":[{"href":"https:\/\/blog.starocotes.de\/index.php\/wp-json\/wp\/v2\/pages\/5015","targetHints":{"allow":["GET"]}}],"collection":[{"href":"https:\/\/blog.starocotes.de\/index.php\/wp-json\/wp\/v2\/pages"}],"about":[{"href":"https:\/\/blog.starocotes.de\/index.php\/wp-json\/wp\/v2\/types\/page"}],"author":[{"embeddable":true,"href":"https:\/\/blog.starocotes.de\/index.php\/wp-json\/wp\/v2\/users\/1"}],"replies":[{"embeddable":true,"href":"https:\/\/blog.starocotes.de\/index.php\/wp-json\/wp\/v2\/comments?post=5015"}],"version-history":[{"count":13,"href":"https:\/\/blog.starocotes.de\/index.php\/wp-json\/wp\/v2\/pages\/5015\/revisions"}],"predecessor-version":[{"id":5140,"href":"https:\/\/blog.starocotes.de\/index.php\/wp-json\/wp\/v2\/pages\/5015\/revisions\/5140"}],"up":[{"embeddable":true,"href":"https:\/\/blog.starocotes.de\/index.php\/wp-json\/wp\/v2\/pages\/5029"}],"wp:attachment":[{"href":"https:\/\/blog.starocotes.de\/index.php\/wp-json\/wp\/v2\/media?parent=5015"}],"curies":[{"name":"wp","href":"https:\/\/api.w.org\/{rel}","templated":true}]}}