{"id":5219,"date":"2012-11-15T20:00:31","date_gmt":"2012-11-15T19:00:31","guid":{"rendered":"http:\/\/blog.starocotes.de\/?page_id=5219"},"modified":"2012-12-02T11:13:52","modified_gmt":"2012-12-02T10:13:52","slug":"markii","status":"publish","type":"page","link":"https:\/\/blog.starocotes.de\/index.php\/ima\/film\/markii\/","title":{"rendered":"Iron Man R\u00fcstungen \/ Film \/ Mark II"},"content":{"rendered":"<p><a href=\"http:\/\/blog.starocotes.de\/wp-content\/uploads\/2012\/11\/markii001.jpg\"><img loading=\"lazy\" decoding=\"async\" src=\"http:\/\/blog.starocotes.de\/wp-content\/uploads\/2012\/11\/markii001-300x168.jpg\" alt=\"\" title=\"markii001\" width=\"300\" height=\"168\" class=\"alignright size-medium wp-image-5220\" srcset=\"https:\/\/blog.starocotes.de\/wp-content\/uploads\/2012\/11\/markii001-300x168.jpg 300w, https:\/\/blog.starocotes.de\/wp-content\/uploads\/2012\/11\/markii001-500x281.jpg 500w, https:\/\/blog.starocotes.de\/wp-content\/uploads\/2012\/11\/markii001.jpg 570w\" sizes=\"auto, (max-width: 300px) 100vw, 300px\" \/><\/a>Nachdem Tony aus der Gefangenschaft zur\u00fcck kehrte, und dort der Anzug so gut funktionierte, schien er besessen von der Idee eine neue Version zu bauen die im das Fliegen l\u00e4nger und komfortabler erm\u00f6glichte. Also begann er mit der Konstruktion der Stiefel und baute nach und nach um diese Basis den Mark II. Da die &#8222;Raketenstiefel&#8220; alleine noch nicht funktionierten, wurde flux ein Repulsorhandschuh als Flugstabilisator erfunden und dann die R\u00fcstung drumherum gebaut. <\/p>\n<p><a href=\"http:\/\/blog.starocotes.de\/wp-content\/uploads\/2012\/11\/markii004.jpg\"><img loading=\"lazy\" decoding=\"async\" src=\"http:\/\/blog.starocotes.de\/wp-content\/uploads\/2012\/11\/markii004.jpg\" alt=\"\" title=\"markii004\" width=\"608\" height=\"229\" class=\"alignnone size-full wp-image-5221\" srcset=\"https:\/\/blog.starocotes.de\/wp-content\/uploads\/2012\/11\/markii004.jpg 608w, https:\/\/blog.starocotes.de\/wp-content\/uploads\/2012\/11\/markii004-300x112.jpg 300w, https:\/\/blog.starocotes.de\/wp-content\/uploads\/2012\/11\/markii004-500x188.jpg 500w\" sizes=\"auto, (max-width: 608px) 100vw, 608px\" \/><\/a><\/p>\n<p>Der Anzug war noch komplett in Chrom gehalten und hatte als offensichtliche Waffen &#8222;nur&#8220; die Repulsoren in den Handschuhen. Gro\u00dfes Manko war zudem das Vereisungsproblem beim Flug in gro\u00dfer H\u00f6he die den Anzug komplett einfrieren lies. <\/p>\n<p>Der Mark II wurde dann sp\u00e4ter auch von James &#8222;Rhodey&#8220; Rhodes ausgeliehen und diente dem Milit\u00e4r als Basis f\u00fcr die Warmachine R\u00fcstung.<\/p>\n<p><a href=\"http:\/\/blog.starocotes.de\/wp-content\/uploads\/2012\/11\/markii002.jpg\"><img loading=\"lazy\" decoding=\"async\" src=\"http:\/\/blog.starocotes.de\/wp-content\/uploads\/2012\/11\/markii002.jpg\" alt=\"\" title=\"markii002\" width=\"604\" height=\"415\" class=\"alignnone size-full wp-image-5223\" srcset=\"https:\/\/blog.starocotes.de\/wp-content\/uploads\/2012\/11\/markii002.jpg 604w, https:\/\/blog.starocotes.de\/wp-content\/uploads\/2012\/11\/markii002-300x206.jpg 300w, https:\/\/blog.starocotes.de\/wp-content\/uploads\/2012\/11\/markii002-436x300.jpg 436w, https:\/\/blog.starocotes.de\/wp-content\/uploads\/2012\/11\/markii002-500x343.jpg 500w\" sizes=\"auto, (max-width: 604px) 100vw, 604px\" \/><\/a><\/p>\n<p>Vorangegangene R\u00fcstung: <a href=\"http:\/\/blog.starocotes.de\/index.php\/ima\/film\/marki\/\" title=\"Iron Man R\u00fcstungen \/ Film \/ Mark I\">Mark I<\/a><br \/>\nFolgende R\u00fcstung: <a href=\"http:\/\/blog.starocotes.de\/index.php\/ima\/film\/markiii\/\" title=\"Iron Man R\u00fcstungen \/ Film \/ Mark III\">Mark III<\/a><\/p>\n","protected":false},"excerpt":{"rendered":"<p>Nachdem Tony aus der Gefangenschaft zur\u00fcck kehrte, und dort der Anzug so gut funktionierte, schien er besessen von der Idee eine neue Version zu bauen die im das Fliegen l\u00e4nger und komfortabler erm\u00f6glichte. Also begann er mit der Konstruktion der Stiefel und baute nach und nach um diese Basis den Mark II. Da die &#8222;Raketenstiefel&#8220; <a class=\"more-link\" href=\"https:\/\/blog.starocotes.de\/index.php\/ima\/film\/markii\/\">weiterlesen&#8230;<\/a><\/p>\n","protected":false},"author":1,"featured_media":5220,"parent":5072,"menu_order":0,"comment_status":"open","ping_status":"open","template":"","meta":{"footnotes":""},"class_list":["post-5219","page","type-page","status-publish","has-post-thumbnail","hentry"],"_links":{"self":[{"href":"https:\/\/blog.starocotes.de\/index.php\/wp-json\/wp\/v2\/pages\/5219","targetHints":{"allow":["GET"]}}],"collection":[{"href":"https:\/\/blog.starocotes.de\/index.php\/wp-json\/wp\/v2\/pages"}],"about":[{"href":"https:\/\/blog.starocotes.de\/index.php\/wp-json\/wp\/v2\/types\/page"}],"author":[{"embeddable":true,"href":"https:\/\/blog.starocotes.de\/index.php\/wp-json\/wp\/v2\/users\/1"}],"replies":[{"embeddable":true,"href":"https:\/\/blog.starocotes.de\/index.php\/wp-json\/wp\/v2\/comments?post=5219"}],"version-history":[{"count":6,"href":"https:\/\/blog.starocotes.de\/index.php\/wp-json\/wp\/v2\/pages\/5219\/revisions"}],"predecessor-version":[{"id":5454,"href":"https:\/\/blog.starocotes.de\/index.php\/wp-json\/wp\/v2\/pages\/5219\/revisions\/5454"}],"up":[{"embeddable":true,"href":"https:\/\/blog.starocotes.de\/index.php\/wp-json\/wp\/v2\/pages\/5072"}],"wp:featuredmedia":[{"embeddable":true,"href":"https:\/\/blog.starocotes.de\/index.php\/wp-json\/wp\/v2\/media\/5220"}],"wp:attachment":[{"href":"https:\/\/blog.starocotes.de\/index.php\/wp-json\/wp\/v2\/media?parent=5219"}],"curies":[{"name":"wp","href":"https:\/\/api.w.org\/{rel}","templated":true}]}}