{"id":5302,"date":"2012-11-21T20:31:25","date_gmt":"2012-11-21T19:31:25","guid":{"rendered":"http:\/\/blog.starocotes.de\/?page_id=5302"},"modified":"2012-11-21T20:37:21","modified_gmt":"2012-11-21T19:37:21","slug":"silver-centurion","status":"publish","type":"page","link":"https:\/\/blog.starocotes.de\/index.php\/ima\/comic\/silver-centurion\/","title":{"rendered":"Iron Man R\u00fcstungen \/ Comic \/ Silver Centurion"},"content":{"rendered":"<p><a href=\"http:\/\/blog.starocotes.de\/wp-content\/uploads\/2012\/11\/silvercenturion1.jpg\"><img loading=\"lazy\" decoding=\"async\" src=\"http:\/\/blog.starocotes.de\/wp-content\/uploads\/2012\/11\/silvercenturion1.jpg\" alt=\"\" title=\"silvercenturion1\" width=\"227\" height=\"260\" class=\"alignright size-full wp-image-5303\" \/><\/a>Als Tony Stark von Obidiah Stane aus dem Gesch\u00e4ft gedr\u00e4ngt wurde und sich danach von einem R\u00fcckfall in den Alkoholismus erholte, bastelte er an einer R\u00fcstung die eigentlich f\u00fcr James Rhodes gedacht war, doch als seine neu aufgebaute Firma von Stane zerst\u00f6rt wurde und dabei sein neuer Freund und Partner ums Leben kam benutzte Stark die R\u00fcstung selbst um Stane zur Rechenschaft zu ziehen.<\/p>\n<p>Die Silver Centurion R\u00fcstung unterschied sich sehr drastisch von allen vorangegangenen R\u00fcstungen. Zum Einen wurde das typische Gold durch Silver ersetzt, zum Anderen ver\u00e4nderte der Torsoreaktor seine Form vom traditionellen rund auf ein auf der Spitze stehendes Dreieck. Zudem war der Helm um einiges imposanter als in vorangegangene Modellen und es wurden, wie es zu der damaligen Zeit \u00fcblich war, die Schultern stark betont.<\/p>\n<p><a href=\"http:\/\/blog.starocotes.de\/wp-content\/uploads\/2012\/11\/silvercenturion2.jpg\"><img loading=\"lazy\" decoding=\"async\" src=\"http:\/\/blog.starocotes.de\/wp-content\/uploads\/2012\/11\/silvercenturion2-237x300.jpg\" alt=\"\" title=\"silvercenturion2\" width=\"237\" height=\"300\" class=\"alignleft size-medium wp-image-5304\" srcset=\"https:\/\/blog.starocotes.de\/wp-content\/uploads\/2012\/11\/silvercenturion2-237x300.jpg 237w, https:\/\/blog.starocotes.de\/wp-content\/uploads\/2012\/11\/silvercenturion2.jpg 323w\" sizes=\"auto, (max-width: 237px) 100vw, 237px\" \/><\/a>Die R\u00fcstung beherbergte eine Vielzahl moderner Waffensysteme, vor allem aber war sie redundant ausgelegt, so das nahezu alle Teile die Aufgaben von defekten Teilen \u00fcbernehmen konnten. Zudem war ihre Energiespeicherkapazit\u00e4t im Vergleich zu Vorg\u00e4ngermodellen stark vergr\u00f6\u00dfert.<\/p>\n<p><a href=\"http:\/\/blog.starocotes.de\/wp-content\/uploads\/2012\/11\/silvercenturion3.jpg\"><img loading=\"lazy\" decoding=\"async\" src=\"http:\/\/blog.starocotes.de\/wp-content\/uploads\/2012\/11\/silvercenturion3-193x300.jpg\" alt=\"\" title=\"silvercenturion3\" width=\"193\" height=\"300\" class=\"alignnone size-medium wp-image-5305\" srcset=\"https:\/\/blog.starocotes.de\/wp-content\/uploads\/2012\/11\/silvercenturion3-193x300.jpg 193w, https:\/\/blog.starocotes.de\/wp-content\/uploads\/2012\/11\/silvercenturion3-321x500.jpg 321w, https:\/\/blog.starocotes.de\/wp-content\/uploads\/2012\/11\/silvercenturion3.jpg 600w\" sizes=\"auto, (max-width: 193px) 100vw, 193px\" \/><\/a><br \/>\nErstes Auftauchen: Iron Man #200<\/p>\n","protected":false},"excerpt":{"rendered":"<p>Als Tony Stark von Obidiah Stane aus dem Gesch\u00e4ft gedr\u00e4ngt wurde und sich danach von einem R\u00fcckfall in den Alkoholismus erholte, bastelte er an einer R\u00fcstung die eigentlich f\u00fcr James Rhodes gedacht war, doch als seine neu aufgebaute Firma von Stane zerst\u00f6rt wurde und dabei sein neuer Freund und Partner ums Leben kam benutzte Stark <a class=\"more-link\" href=\"https:\/\/blog.starocotes.de\/index.php\/ima\/comic\/silver-centurion\/\">weiterlesen&#8230;<\/a><\/p>\n","protected":false},"author":1,"featured_media":0,"parent":5029,"menu_order":0,"comment_status":"open","ping_status":"open","template":"","meta":{"footnotes":""},"class_list":["post-5302","page","type-page","status-publish","hentry"],"_links":{"self":[{"href":"https:\/\/blog.starocotes.de\/index.php\/wp-json\/wp\/v2\/pages\/5302","targetHints":{"allow":["GET"]}}],"collection":[{"href":"https:\/\/blog.starocotes.de\/index.php\/wp-json\/wp\/v2\/pages"}],"about":[{"href":"https:\/\/blog.starocotes.de\/index.php\/wp-json\/wp\/v2\/types\/page"}],"author":[{"embeddable":true,"href":"https:\/\/blog.starocotes.de\/index.php\/wp-json\/wp\/v2\/users\/1"}],"replies":[{"embeddable":true,"href":"https:\/\/blog.starocotes.de\/index.php\/wp-json\/wp\/v2\/comments?post=5302"}],"version-history":[{"count":4,"href":"https:\/\/blog.starocotes.de\/index.php\/wp-json\/wp\/v2\/pages\/5302\/revisions"}],"predecessor-version":[{"id":5312,"href":"https:\/\/blog.starocotes.de\/index.php\/wp-json\/wp\/v2\/pages\/5302\/revisions\/5312"}],"up":[{"embeddable":true,"href":"https:\/\/blog.starocotes.de\/index.php\/wp-json\/wp\/v2\/pages\/5029"}],"wp:attachment":[{"href":"https:\/\/blog.starocotes.de\/index.php\/wp-json\/wp\/v2\/media?parent=5302"}],"curies":[{"name":"wp","href":"https:\/\/api.w.org\/{rel}","templated":true}]}}