{"id":5443,"date":"2012-12-02T11:09:29","date_gmt":"2012-12-02T10:09:29","guid":{"rendered":"http:\/\/blog.starocotes.de\/?page_id=5443"},"modified":"2012-12-02T11:14:19","modified_gmt":"2012-12-02T10:14:19","slug":"mark-iii","status":"publish","type":"page","link":"https:\/\/blog.starocotes.de\/index.php\/ima\/film\/mark-iii\/","title":{"rendered":"Iron Man R\u00fcstungen \/ Film \/ Mark III"},"content":{"rendered":"<p><a href=\"http:\/\/blog.starocotes.de\/wp-content\/uploads\/2012\/12\/markiii002.png\"><img loading=\"lazy\" decoding=\"async\" src=\"http:\/\/blog.starocotes.de\/wp-content\/uploads\/2012\/12\/markiii002-300x124.png\" alt=\"\" title=\"markiii002\" width=\"300\" height=\"124\" class=\"alignright size-medium wp-image-5444\" srcset=\"https:\/\/blog.starocotes.de\/wp-content\/uploads\/2012\/12\/markiii002-300x124.png 300w, https:\/\/blog.starocotes.de\/wp-content\/uploads\/2012\/12\/markiii002-1024x423.png 1024w, https:\/\/blog.starocotes.de\/wp-content\/uploads\/2012\/12\/markiii002-500x206.png 500w, https:\/\/blog.starocotes.de\/wp-content\/uploads\/2012\/12\/markiii002.png 1033w\" sizes=\"auto, (max-width: 300px) 100vw, 300px\" \/><\/a>Nachdem die Mark II grunds\u00e4tzlich gut funktionierte nur das Problem mit der Vereisung beim Flug in gro\u00dfen H\u00f6hen auftrat entschied sich Tony daf\u00fcr die R\u00fcstung mit einer Gold-Titan Legierung zu \u00fcberziehen. Da das komplette Gold ihm dann doch zu protzig wirkte entschied er sich ein wenig Rot mit einflie\u00dfen zu lassen. Die Mark III war geboren und damit das grunds\u00e4tzliche Aush\u00e4ngeschild von Iron Man im Kino Universum.<br \/>\n<a href=\"http:\/\/blog.starocotes.de\/wp-content\/uploads\/2012\/12\/markiii001.png\"><img loading=\"lazy\" decoding=\"async\" src=\"http:\/\/blog.starocotes.de\/wp-content\/uploads\/2012\/12\/markiii001-300x163.png\" alt=\"\" title=\"markiii001\" width=\"300\" height=\"163\" class=\"alignnone size-medium wp-image-5445\" srcset=\"https:\/\/blog.starocotes.de\/wp-content\/uploads\/2012\/12\/markiii001-300x163.png 300w, https:\/\/blog.starocotes.de\/wp-content\/uploads\/2012\/12\/markiii001-500x271.png 500w, https:\/\/blog.starocotes.de\/wp-content\/uploads\/2012\/12\/markiii001.png 699w\" sizes=\"auto, (max-width: 300px) 100vw, 300px\" \/><\/a><\/p>\n<p>Neben der Flugf\u00e4higkeit, die nur noch wenig mit den ungeschickten Anf\u00e4ngen zu tun hatte, bot diese R\u00fcstung einen gro\u00dfen Schutz gegen eine Vielzahl an Angriffen bis hin zum Beschuss eines Panzers. Wie auch der Mark II wird der Mark III von JARVIS unterst\u00fctzt, einer AI die f\u00fcr die Flugstabilisation sowie die Waffenauswahl und Steuerung zust\u00e4ndig ist.<br \/>\n<a href=\"http:\/\/blog.starocotes.de\/wp-content\/uploads\/2012\/12\/markiii003.png\"><img loading=\"lazy\" decoding=\"async\" src=\"http:\/\/blog.starocotes.de\/wp-content\/uploads\/2012\/12\/markiii003-300x193.png\" alt=\"\" title=\"markiii003\" width=\"300\" height=\"193\" class=\"alignnone size-medium wp-image-5446\" srcset=\"https:\/\/blog.starocotes.de\/wp-content\/uploads\/2012\/12\/markiii003-300x193.png 300w, https:\/\/blog.starocotes.de\/wp-content\/uploads\/2012\/12\/markiii003-465x300.png 465w, https:\/\/blog.starocotes.de\/wp-content\/uploads\/2012\/12\/markiii003-500x322.png 500w, https:\/\/blog.starocotes.de\/wp-content\/uploads\/2012\/12\/markiii003.png 645w\" sizes=\"auto, (max-width: 300px) 100vw, 300px\" \/><\/a><br \/>\nAls Bewaffnung steht neben den Repulsoren Schultergesch\u00fctze zur Verf\u00fcgung die gezielt gegen Personen eingesetzt werden k\u00f6nnen, sowie eine Panzerabwehrrakete die im rechten Vorderarm montiert ist.<br \/>\n<a href=\"http:\/\/blog.starocotes.de\/wp-content\/uploads\/2012\/12\/markiii004.png\"><img loading=\"lazy\" decoding=\"async\" src=\"http:\/\/blog.starocotes.de\/wp-content\/uploads\/2012\/12\/markiii004-300x155.png\" alt=\"\" title=\"markiii004\" width=\"300\" height=\"155\" class=\"alignnone size-medium wp-image-5447\" srcset=\"https:\/\/blog.starocotes.de\/wp-content\/uploads\/2012\/12\/markiii004-300x155.png 300w, https:\/\/blog.starocotes.de\/wp-content\/uploads\/2012\/12\/markiii004-500x259.png 500w, https:\/\/blog.starocotes.de\/wp-content\/uploads\/2012\/12\/markiii004.png 772w\" sizes=\"auto, (max-width: 300px) 100vw, 300px\" \/><\/a><\/p>\n<p>Vorangegangene R\u00fcstung: <a href=\"http:\/\/blog.starocotes.de\/index.php\/ima\/film\/markii\/\" title=\"Iron Man R\u00fcstungen \/ Film \/ Mark II\">Mark II<\/a><\/p>\n","protected":false},"excerpt":{"rendered":"<p>Nachdem die Mark II grunds\u00e4tzlich gut funktionierte nur das Problem mit der Vereisung beim Flug in gro\u00dfen H\u00f6hen auftrat entschied sich Tony daf\u00fcr die R\u00fcstung mit einer Gold-Titan Legierung zu \u00fcberziehen. Da das komplette Gold ihm dann doch zu protzig wirkte entschied er sich ein wenig Rot mit einflie\u00dfen zu lassen. Die Mark III war <a class=\"more-link\" href=\"https:\/\/blog.starocotes.de\/index.php\/ima\/film\/mark-iii\/\">weiterlesen&#8230;<\/a><\/p>\n","protected":false},"author":1,"featured_media":5444,"parent":5072,"menu_order":0,"comment_status":"open","ping_status":"open","template":"","meta":{"footnotes":""},"class_list":["post-5443","page","type-page","status-publish","has-post-thumbnail","hentry"],"_links":{"self":[{"href":"https:\/\/blog.starocotes.de\/index.php\/wp-json\/wp\/v2\/pages\/5443","targetHints":{"allow":["GET"]}}],"collection":[{"href":"https:\/\/blog.starocotes.de\/index.php\/wp-json\/wp\/v2\/pages"}],"about":[{"href":"https:\/\/blog.starocotes.de\/index.php\/wp-json\/wp\/v2\/types\/page"}],"author":[{"embeddable":true,"href":"https:\/\/blog.starocotes.de\/index.php\/wp-json\/wp\/v2\/users\/1"}],"replies":[{"embeddable":true,"href":"https:\/\/blog.starocotes.de\/index.php\/wp-json\/wp\/v2\/comments?post=5443"}],"version-history":[{"count":4,"href":"https:\/\/blog.starocotes.de\/index.php\/wp-json\/wp\/v2\/pages\/5443\/revisions"}],"predecessor-version":[{"id":5455,"href":"https:\/\/blog.starocotes.de\/index.php\/wp-json\/wp\/v2\/pages\/5443\/revisions\/5455"}],"up":[{"embeddable":true,"href":"https:\/\/blog.starocotes.de\/index.php\/wp-json\/wp\/v2\/pages\/5072"}],"wp:featuredmedia":[{"embeddable":true,"href":"https:\/\/blog.starocotes.de\/index.php\/wp-json\/wp\/v2\/media\/5444"}],"wp:attachment":[{"href":"https:\/\/blog.starocotes.de\/index.php\/wp-json\/wp\/v2\/media?parent=5443"}],"curies":[{"name":"wp","href":"https:\/\/api.w.org\/{rel}","templated":true}]}}