{"id":6031,"date":"2016-01-10T13:00:45","date_gmt":"2016-01-10T12:00:45","guid":{"rendered":"http:\/\/blog.starocotes.de\/?page_id=6031"},"modified":"2016-01-07T13:53:36","modified_gmt":"2016-01-07T12:53:36","slug":"transformational-mark","status":"publish","type":"page","link":"https:\/\/blog.starocotes.de\/index.php\/ima\/comic\/transformational-mark\/","title":{"rendered":"Iron Man R\u00fcstungen \/ Comic \/ Transformational Mark"},"content":{"rendered":"<p><a href=\"http:\/\/blog.starocotes.de\/wp-content\/uploads\/2016\/01\/tm000.jpg\" rel=\"attachment wp-att-6047\"><img loading=\"lazy\" decoding=\"async\" src=\"http:\/\/blog.starocotes.de\/wp-content\/uploads\/2016\/01\/tm000-198x300.jpg\" alt=\"tm000\" width=\"198\" height=\"300\" class=\"alignright size-medium wp-image-6047\" srcset=\"https:\/\/blog.starocotes.de\/wp-content\/uploads\/2016\/01\/tm000-198x300.jpg 198w, https:\/\/blog.starocotes.de\/wp-content\/uploads\/2016\/01\/tm000-768x1166.jpg 768w, https:\/\/blog.starocotes.de\/wp-content\/uploads\/2016\/01\/tm000-675x1024.jpg 675w, https:\/\/blog.starocotes.de\/wp-content\/uploads\/2016\/01\/tm000-250x380.jpg 250w, https:\/\/blog.starocotes.de\/wp-content\/uploads\/2016\/01\/tm000.jpg 900w\" sizes=\"auto, (max-width: 198px) 100vw, 198px\" \/><\/a>Die Transformational Mark (so zumindest der Name auf dem Action Figure Variant Cover von Invincible Iron Man #1) wurde von Brian Michael Bendis zusammen mit David Marquez entworfen. Sie soll eine Vorteile der bekannten R\u00fcstungen vereinen und sich beliebig verwandeln k\u00f6nnen und das alles ohne eine direkte Bindung an Tonys K\u00f6rper zu haben wie das seit Extremis der Fall war. <\/p>\n<p>Was offensichtlich ist, ist die Tatsache dass Tony irgendwas mit Dimensionstaschen gebastelt hat, da die Masse der R\u00fcstung sich zum Teil erheblich \u00e4ndert. Jedenfalls ist die Optik schon fein, was vor allem an Marquez Zeichnungen liegt.<\/p>\n<table>\n<tr>\n<td>\n<a href=\"http:\/\/blog.starocotes.de\/wp-content\/uploads\/2016\/01\/tm001.jpg\" rel=\"attachment wp-att-6033\"><img loading=\"lazy\" decoding=\"async\" src=\"http:\/\/blog.starocotes.de\/wp-content\/uploads\/2016\/01\/tm001-197x300.jpg\" alt=\"tm001\" width=\"197\" height=\"300\" class=\"aligncenter size-medium wp-image-6033\" srcset=\"https:\/\/blog.starocotes.de\/wp-content\/uploads\/2016\/01\/tm001-197x300.jpg 197w, https:\/\/blog.starocotes.de\/wp-content\/uploads\/2016\/01\/tm001-768x1171.jpg 768w, https:\/\/blog.starocotes.de\/wp-content\/uploads\/2016\/01\/tm001-672x1024.jpg 672w, https:\/\/blog.starocotes.de\/wp-content\/uploads\/2016\/01\/tm001-249x380.jpg 249w, https:\/\/blog.starocotes.de\/wp-content\/uploads\/2016\/01\/tm001.jpg 1317w\" sizes=\"auto, (max-width: 197px) 100vw, 197px\" \/><\/a>\n<\/td>\n<\/tr>\n<tr>\n<td>\nHier sehen wir wie die R\u00fcstung aus einer Uhr entsteht und nur aus einer Uhr. Das ist auch gleich das extremste Beispiel an Massenzuwachs.\n<\/td>\n<\/tr>\n<table>\n<tr>\n<td>\n<a href=\"http:\/\/blog.starocotes.de\/wp-content\/uploads\/2016\/01\/tm002.jpg\" rel=\"attachment wp-att-6034\"><img loading=\"lazy\" decoding=\"async\" src=\"http:\/\/blog.starocotes.de\/wp-content\/uploads\/2016\/01\/tm002-300x219.jpg\" alt=\"tm002\" width=\"300\" height=\"219\" class=\"aligncenter size-medium wp-image-6034\" srcset=\"https:\/\/blog.starocotes.de\/wp-content\/uploads\/2016\/01\/tm002-300x219.jpg 300w, https:\/\/blog.starocotes.de\/wp-content\/uploads\/2016\/01\/tm002-519x380.jpg 519w, https:\/\/blog.starocotes.de\/wp-content\/uploads\/2016\/01\/tm002.jpg 667w\" sizes=\"auto, (max-width: 300px) 100vw, 300px\" \/><\/a>\n<\/td>\n<td>\n<a href=\"http:\/\/blog.starocotes.de\/wp-content\/uploads\/2016\/01\/tm003.jpg\" rel=\"attachment wp-att-6035\"><img loading=\"lazy\" decoding=\"async\" src=\"http:\/\/blog.starocotes.de\/wp-content\/uploads\/2016\/01\/tm003-300x266.jpg\" alt=\"tm003\" width=\"300\" height=\"266\" class=\"aligncenter size-medium wp-image-6035\" srcset=\"https:\/\/blog.starocotes.de\/wp-content\/uploads\/2016\/01\/tm003-300x266.jpg 300w, https:\/\/blog.starocotes.de\/wp-content\/uploads\/2016\/01\/tm003-429x380.jpg 429w, https:\/\/blog.starocotes.de\/wp-content\/uploads\/2016\/01\/tm003.jpg 765w\" sizes=\"auto, (max-width: 300px) 100vw, 300px\" \/><\/a>\n<\/td>\n<\/tr>\n<tr>\n<td colspan=\"2\">\nDies ist die Heavy Armor Funktion, eher auf Schutz und Nahkampf ausgelegt.\n<\/td>\n<\/tr>\n<\/table>\n<table>\n<tr>\n<td>\n<a href=\"http:\/\/blog.starocotes.de\/wp-content\/uploads\/2016\/01\/tm004.jpg\" rel=\"attachment wp-att-6036\"><img loading=\"lazy\" decoding=\"async\" src=\"http:\/\/blog.starocotes.de\/wp-content\/uploads\/2016\/01\/tm004-300x53.jpg\" alt=\"tm004\" width=\"300\" height=\"53\" class=\"aligncenter size-medium wp-image-6036\" srcset=\"https:\/\/blog.starocotes.de\/wp-content\/uploads\/2016\/01\/tm004-300x53.jpg 300w, https:\/\/blog.starocotes.de\/wp-content\/uploads\/2016\/01\/tm004-768x136.jpg 768w, https:\/\/blog.starocotes.de\/wp-content\/uploads\/2016\/01\/tm004-1024x181.jpg 1024w, https:\/\/blog.starocotes.de\/wp-content\/uploads\/2016\/01\/tm004.jpg 1056w\" sizes=\"auto, (max-width: 300px) 100vw, 300px\" \/><\/a>\n<\/td>\n<\/tr>\n<tr>\n<td>\nIm ersten Heft der neuen Avengers gibt es diese ungew\u00f6hnliche Verwandlung von Auto in R\u00fcstung. Auch hier muss die Massa ja irgendwo hin. Zudem seiht das ein wenig albern aus, nicht ganz so passend wie die Zeichnungen von Marquez.\n<\/td>\n<\/tr>\n<\/table>\n<table>\n<tr>\n<td>\n<a href=\"http:\/\/blog.starocotes.de\/wp-content\/uploads\/2016\/01\/tm005.jpg\" rel=\"attachment wp-att-6037\"><img loading=\"lazy\" decoding=\"async\" src=\"http:\/\/blog.starocotes.de\/wp-content\/uploads\/2016\/01\/tm005-300x271.jpg\" alt=\"tm005\" width=\"300\" height=\"271\" class=\"aligncenter size-medium wp-image-6037\" srcset=\"https:\/\/blog.starocotes.de\/wp-content\/uploads\/2016\/01\/tm005-300x271.jpg 300w, https:\/\/blog.starocotes.de\/wp-content\/uploads\/2016\/01\/tm005-420x380.jpg 420w, https:\/\/blog.starocotes.de\/wp-content\/uploads\/2016\/01\/tm005.jpg 577w\" sizes=\"auto, (max-width: 300px) 100vw, 300px\" \/><\/a>\n<\/td>\n<td>\n<a href=\"http:\/\/blog.starocotes.de\/wp-content\/uploads\/2016\/01\/tm006.jpg\" rel=\"attachment wp-att-6038\"><img loading=\"lazy\" decoding=\"async\" src=\"http:\/\/blog.starocotes.de\/wp-content\/uploads\/2016\/01\/tm006-146x300.jpg\" alt=\"tm006\" width=\"146\" height=\"300\" class=\"aligncenter size-medium wp-image-6038\" srcset=\"https:\/\/blog.starocotes.de\/wp-content\/uploads\/2016\/01\/tm006-146x300.jpg 146w, https:\/\/blog.starocotes.de\/wp-content\/uploads\/2016\/01\/tm006-185x380.jpg 185w, https:\/\/blog.starocotes.de\/wp-content\/uploads\/2016\/01\/tm006.jpg 256w\" sizes=\"auto, (max-width: 146px) 100vw, 146px\" \/><\/a>\n<\/td>\n<\/tr>\n<tr>\n<td colspan=\"2\">\nEine witzige Funktion ist die Unsichtbarkeit. Dabei wird nicht alles unsichtbar sondern nur die R\u00fcstung, so das der Tr\u00e4ger normal erscheint. F\u00fcr \u00dcberraschungsangriffe gut geeignet.<\/td>\n<\/tr>\n<\/table>\n<table>\n<tr>\n<td>\n<a href=\"http:\/\/blog.starocotes.de\/wp-content\/uploads\/2016\/01\/tm007.jpg\" rel=\"attachment wp-att-6039\"><img loading=\"lazy\" decoding=\"async\" src=\"http:\/\/blog.starocotes.de\/wp-content\/uploads\/2016\/01\/tm007-300x300.jpg\" alt=\"tm007\" width=\"300\" height=\"300\" class=\"aligncenter size-medium wp-image-6039\" srcset=\"https:\/\/blog.starocotes.de\/wp-content\/uploads\/2016\/01\/tm007-300x300.jpg 300w, https:\/\/blog.starocotes.de\/wp-content\/uploads\/2016\/01\/tm007-150x150.jpg 150w, https:\/\/blog.starocotes.de\/wp-content\/uploads\/2016\/01\/tm007-90x90.jpg 90w, https:\/\/blog.starocotes.de\/wp-content\/uploads\/2016\/01\/tm007-380x380.jpg 380w, https:\/\/blog.starocotes.de\/wp-content\/uploads\/2016\/01\/tm007.jpg 523w\" sizes=\"auto, (max-width: 300px) 100vw, 300px\" \/><\/a>\n<\/td>\n<\/tr>\n<tr>\n<td>\nEine Waffenplattform Konfiguration gibt es auch. Fetter Fernkampfangriff aus der Luft.\n<\/td>\n<\/tr>\n<\/table>\n<table>\n<tr>\n<td>\n<a href=\"http:\/\/blog.starocotes.de\/wp-content\/uploads\/2016\/01\/tm008.jpg\" rel=\"attachment wp-att-6040\"><img loading=\"lazy\" decoding=\"async\" src=\"http:\/\/blog.starocotes.de\/wp-content\/uploads\/2016\/01\/tm008-300x121.jpg\" alt=\"tm008\" width=\"300\" height=\"121\" class=\"aligncenter size-medium wp-image-6040\" srcset=\"https:\/\/blog.starocotes.de\/wp-content\/uploads\/2016\/01\/tm008-300x121.jpg 300w, https:\/\/blog.starocotes.de\/wp-content\/uploads\/2016\/01\/tm008-768x310.jpg 768w, https:\/\/blog.starocotes.de\/wp-content\/uploads\/2016\/01\/tm008.jpg 800w\" sizes=\"auto, (max-width: 300px) 100vw, 300px\" \/><\/a>\n<\/td>\n<td>\n<a href=\"http:\/\/blog.starocotes.de\/wp-content\/uploads\/2016\/01\/tm009.jpg\" rel=\"attachment wp-att-6041\"><img loading=\"lazy\" decoding=\"async\" src=\"http:\/\/blog.starocotes.de\/wp-content\/uploads\/2016\/01\/tm009-300x137.jpg\" alt=\"tm009\" width=\"300\" height=\"137\" class=\"aligncenter size-medium wp-image-6041\" srcset=\"https:\/\/blog.starocotes.de\/wp-content\/uploads\/2016\/01\/tm009-300x137.jpg 300w, https:\/\/blog.starocotes.de\/wp-content\/uploads\/2016\/01\/tm009.jpg 621w\" sizes=\"auto, (max-width: 300px) 100vw, 300px\" \/><\/a>\n<\/td>\n<\/tr>\n<tr>\n<td colspan=\"2\">\nEs gibt auch eine Sicherheitsfunktion welche die R\u00fcstung in ihre Bestandteile zerlegt und das ziemlich explosionsartig. Das verwirrt den Gegner, sorgt daf\u00fcr das Tony irgendwo sicher abgesetzt werden kann und dann die R\u00fcstung Fernsteuert.<br \/>\nWenn die Gefahr behoben ist kehrt die R\u00fcstung zu Tony zur\u00fcck und h\u00fcllt ihn wieder ein.\n<\/td>\n<\/tr>\n<\/table>\n<table>\n<tr>\n<td>\n<a href=\"http:\/\/blog.starocotes.de\/wp-content\/uploads\/2016\/01\/tm010.jpg\" rel=\"attachment wp-att-6042\"><img loading=\"lazy\" decoding=\"async\" src=\"http:\/\/blog.starocotes.de\/wp-content\/uploads\/2016\/01\/tm010-300x176.jpg\" alt=\"tm010\" width=\"300\" height=\"176\" class=\"aligncenter size-medium wp-image-6042\" srcset=\"https:\/\/blog.starocotes.de\/wp-content\/uploads\/2016\/01\/tm010-300x176.jpg 300w, https:\/\/blog.starocotes.de\/wp-content\/uploads\/2016\/01\/tm010-647x380.jpg 647w, https:\/\/blog.starocotes.de\/wp-content\/uploads\/2016\/01\/tm010.jpg 671w\" sizes=\"auto, (max-width: 300px) 100vw, 300px\" \/><\/a>\n<\/td>\n<td>\n<a href=\"http:\/\/blog.starocotes.de\/wp-content\/uploads\/2016\/01\/tm011.jpg\" rel=\"attachment wp-att-6043\"><img loading=\"lazy\" decoding=\"async\" src=\"http:\/\/blog.starocotes.de\/wp-content\/uploads\/2016\/01\/tm011-300x120.jpg\" alt=\"tm011\" width=\"300\" height=\"120\" class=\"aligncenter size-medium wp-image-6043\" srcset=\"https:\/\/blog.starocotes.de\/wp-content\/uploads\/2016\/01\/tm011-300x120.jpg 300w, https:\/\/blog.starocotes.de\/wp-content\/uploads\/2016\/01\/tm011-768x308.jpg 768w, https:\/\/blog.starocotes.de\/wp-content\/uploads\/2016\/01\/tm011-1024x411.jpg 1024w, https:\/\/blog.starocotes.de\/wp-content\/uploads\/2016\/01\/tm011-947x380.jpg 947w, https:\/\/blog.starocotes.de\/wp-content\/uploads\/2016\/01\/tm011.jpg 1281w\" sizes=\"auto, (max-width: 300px) 100vw, 300px\" \/><\/a>\n<\/td>\n<\/tr>\n<tr>\n<td colspan=\"2\">\nEine eher traditionelle Tarnfunktion gibt es auch. Wobei hier erstmal nur die Farbe ge\u00e4ndert wurde. Es ist davon auszugehen das hier, wie auch in anderen R\u00fcstungen, das volle Programm, also Tarnung vor Radar, Infrarot und sonstige M\u00f6glichkeiten eingebaut ist.\n<\/td>\n<\/tr>\n<\/table>\n<table>\n<tr>\n<td>\n<a href=\"http:\/\/blog.starocotes.de\/wp-content\/uploads\/2016\/01\/tm012.jpg\" rel=\"attachment wp-att-6044\"><img loading=\"lazy\" decoding=\"async\" src=\"http:\/\/blog.starocotes.de\/wp-content\/uploads\/2016\/01\/tm012-207x300.jpg\" alt=\"tm012\" width=\"207\" height=\"300\" class=\"aligncenter size-medium wp-image-6044\" srcset=\"https:\/\/blog.starocotes.de\/wp-content\/uploads\/2016\/01\/tm012-207x300.jpg 207w, https:\/\/blog.starocotes.de\/wp-content\/uploads\/2016\/01\/tm012-262x380.jpg 262w, https:\/\/blog.starocotes.de\/wp-content\/uploads\/2016\/01\/tm012.jpg 446w\" sizes=\"auto, (max-width: 207px) 100vw, 207px\" \/><\/a>\n<\/td>\n<td>\n<a href=\"http:\/\/blog.starocotes.de\/wp-content\/uploads\/2016\/01\/tm013.jpg\" rel=\"attachment wp-att-6045\"><img loading=\"lazy\" decoding=\"async\" src=\"http:\/\/blog.starocotes.de\/wp-content\/uploads\/2016\/01\/tm013-300x158.jpg\" alt=\"tm013\" width=\"300\" height=\"158\" class=\"aligncenter size-medium wp-image-6045\" srcset=\"https:\/\/blog.starocotes.de\/wp-content\/uploads\/2016\/01\/tm013-300x158.jpg 300w, https:\/\/blog.starocotes.de\/wp-content\/uploads\/2016\/01\/tm013-768x404.jpg 768w, https:\/\/blog.starocotes.de\/wp-content\/uploads\/2016\/01\/tm013-1024x538.jpg 1024w, https:\/\/blog.starocotes.de\/wp-content\/uploads\/2016\/01\/tm013-723x380.jpg 723w, https:\/\/blog.starocotes.de\/wp-content\/uploads\/2016\/01\/tm013.jpg 1303w\" sizes=\"auto, (max-width: 300px) 100vw, 300px\" \/><\/a><\/td>\n<\/tr>\n<tr>\n<td colspan=\"2\">\nIm Kampf gegen Ninjas kommt dann diese schicke Modifikation zum Einsatz, eine Samurei-Variante die etwas mehr Schutz gegen Schwertangriffe bietet. Das macht nat\u00fcrlich nur Sinn es wenn sich um High-Tech Samureis handelt deren Schwerter \u00fcberhaupt eine Gefahr f\u00fcr die normale R\u00fcstung darstellen k\u00f6nnen.\n<\/td>\n<\/tr>\n<\/table>\n<table>\n<tr>\n<td>\n<a href=\"http:\/\/blog.starocotes.de\/wp-content\/uploads\/2016\/01\/tm014.jpg\" rel=\"attachment wp-att-6046\"><img loading=\"lazy\" decoding=\"async\" src=\"http:\/\/blog.starocotes.de\/wp-content\/uploads\/2016\/01\/tm014-300x173.jpg\" alt=\"tm014\" width=\"300\" height=\"173\" class=\"aligncenter size-medium wp-image-6046\" srcset=\"https:\/\/blog.starocotes.de\/wp-content\/uploads\/2016\/01\/tm014-300x173.jpg 300w, https:\/\/blog.starocotes.de\/wp-content\/uploads\/2016\/01\/tm014-659x380.jpg 659w, https:\/\/blog.starocotes.de\/wp-content\/uploads\/2016\/01\/tm014.jpg 739w\" sizes=\"auto, (max-width: 300px) 100vw, 300px\" \/><\/a>\n<\/td>\n<\/tr>\n<tr>\n<td>\nLast but not least diese ziemlich niedliche Modifikation um einen skeptischen Fan in einem Kinderkrankenhaus f\u00fcr sich  zu gewinnen.<\/td>\n<\/tr>\n<\/table>\n","protected":false},"excerpt":{"rendered":"<p>Die Transformational Mark (so zumindest der Name auf dem Action Figure Variant Cover von Invincible Iron Man #1) wurde von Brian Michael Bendis zusammen mit David Marquez entworfen. Sie soll eine Vorteile der bekannten R\u00fcstungen vereinen und sich beliebig verwandeln k\u00f6nnen und das alles ohne eine direkte Bindung an Tonys K\u00f6rper zu haben wie das <a class=\"more-link\" href=\"https:\/\/blog.starocotes.de\/index.php\/ima\/comic\/transformational-mark\/\">weiterlesen&#8230;<\/a><\/p>\n","protected":false},"author":1,"featured_media":0,"parent":5029,"menu_order":0,"comment_status":"closed","ping_status":"closed","template":"","meta":{"footnotes":""},"class_list":["post-6031","page","type-page","status-publish","hentry"],"_links":{"self":[{"href":"https:\/\/blog.starocotes.de\/index.php\/wp-json\/wp\/v2\/pages\/6031","targetHints":{"allow":["GET"]}}],"collection":[{"href":"https:\/\/blog.starocotes.de\/index.php\/wp-json\/wp\/v2\/pages"}],"about":[{"href":"https:\/\/blog.starocotes.de\/index.php\/wp-json\/wp\/v2\/types\/page"}],"author":[{"embeddable":true,"href":"https:\/\/blog.starocotes.de\/index.php\/wp-json\/wp\/v2\/users\/1"}],"replies":[{"embeddable":true,"href":"https:\/\/blog.starocotes.de\/index.php\/wp-json\/wp\/v2\/comments?post=6031"}],"version-history":[{"count":6,"href":"https:\/\/blog.starocotes.de\/index.php\/wp-json\/wp\/v2\/pages\/6031\/revisions"}],"predecessor-version":[{"id":6052,"href":"https:\/\/blog.starocotes.de\/index.php\/wp-json\/wp\/v2\/pages\/6031\/revisions\/6052"}],"up":[{"embeddable":true,"href":"https:\/\/blog.starocotes.de\/index.php\/wp-json\/wp\/v2\/pages\/5029"}],"wp:attachment":[{"href":"https:\/\/blog.starocotes.de\/index.php\/wp-json\/wp\/v2\/media?parent=6031"}],"curies":[{"name":"wp","href":"https:\/\/api.w.org\/{rel}","templated":true}]}}